{"id":123,"date":"2020-12-18T09:26:35","date_gmt":"2020-12-18T14:26:35","guid":{"rendered":"https:\/\/karinepeel.com\/fr\/new\/?page_id=123"},"modified":"2021-10-05T11:14:34","modified_gmt":"2021-10-05T15:14:34","slug":"approche-moi","status":"publish","type":"page","link":"https:\/\/karinepeel.com\/fr\/approche-moi\/","title":{"rendered":"L&#8217;Approche de Karine"},"content":{"rendered":"\n<section class=\"wp-block-uagb-section uagb-section__wrap uagb-section__background-undefined uagb-block-b43ee6b9\"><div class=\"uagb-section__overlay\"><\/div><div class=\"uagb-section__inner-wrap\">\n<blockquote class=\"wp-block-quote has-text-align-center is-layout-flow wp-block-quote-is-layout-flow\"><p>&#8220;L&#8217;inqui\u00e9tude doit nous pousser \u00e0 l&#8217;action, pas \u00e0 la d\u00e9pression.&#8221;<\/p><cite>~ Karen Horney<\/cite><\/blockquote>\n\n\n\n<div style=\"height:1px\" aria-hidden=\"true\" class=\"wp-block-spacer\"><\/div>\n\n\n\n<h3 class=\"wp-block-heading\">Connexion Corps-Esprit<\/h3>\n\n\n\n<p>Vous ne pouvez pas changer votre pass\u00e9, mais vous pouvez changer votre attitude. En apprenant \u00e0 accepter les exp\u00e9riences pass\u00e9es, vous lib\u00e9rez l&#8217;\u00e9nergie des conflits ant\u00e9rieurs pour l&#8217;utiliser dans la cr\u00e9ation d&#8217;une nouvelle vie pour vous-m\u00eame. La souffrance de l&#8217;\u00e2me entra\u00eene une souffrance corporelle. Votre histoire, vos malheurs et votre d\u00e9tresse laissent des traces dans votre chair et se manifestent par des douleurs et autres maux physiques. Pour se lib\u00e9rer de toute souffrance, il est n\u00e9cessaire de se reconnecter \u00e0 son corps, et de lui permettre de s&#8217;exprimer.<\/p>\n\n\n\n<p>L&#8217;approche th\u00e9rapeutique de Karine int\u00e8gre diff\u00e9rentes techniques de psychoth\u00e9rapie dont <a href=\"https:\/\/karinepeel.com\/fr\/psychotherapy\/\">l&#8217;Analyse Psycho-Organique<\/a>, une m\u00e9thode qui relie l&#8217;esprit et le corps.<\/p>\n\n\n\n<h3 class=\"wp-block-heading\">Votre Vie en Focus<\/h3>\n\n\n\n<p>Lors de la consultation initiale, Karine vous posera des questions sur la nature des pr\u00e9occupations qui vous ont amen\u00e9 \u00e0 la consulter, qu&#8217;il s&#8217;agisse de sympt\u00f4mes de d\u00e9tresse \u00e9motionnelle ou de probl\u00e8mes relationnels ou familiaux. En outre, elle vous posera des questions g\u00e9n\u00e9rales sur votre situation de vie, votre structure familiale et votre pass\u00e9. Il n&#8217;est pas possible de comprendre une personne en se concentrant uniquement sur le probl\u00e8me pr\u00e9sent\u00e9. Il est \u00e9galement n\u00e9cessaire d&#8217;avoir quelques connaissances g\u00e9n\u00e9rales pour \u00e9tablir un cadre dans lequel comprendre la vie et les probl\u00e8mes d&#8217;une personne.<\/p>\n\n\n\n<p>Pendant la th\u00e9rapie, Karine accorde une attention particuli\u00e8re \u00e0 l&#8217;expression de l&#8217;inconscient, au sens que vous voulez donner \u00e0 votre vie, aux int\u00e9grations que vous cherchez \u00e0 r\u00e9aliser et que vous voulez r\u00e9aliser sur votre r\u00e9alit\u00e9 personnelle et sociale. Plus vous \u00eates capable ou d\u00e9sireux de lui r\u00e9v\u00e9ler vos pr\u00e9occupations, vos sentiments et votre exp\u00e9rience, plus elle sera en mesure de les comprendre et de vous offrir une aide efficace.<\/p>\n\n\n\n<p>Vous serez encourag\u00e9 \u00e0 vous exprimer verbalement et \u00e9motionnellement dans un environnement s\u00fbr, avec le soutien inconditionnel et la compassion de Karine, votre th\u00e9rapeute. L&#8217;\u00eatre humain ne se r\u00e9sume pas \u00e0 des pens\u00e9es, mais \u00e0 l&#8217;union des pens\u00e9es, des \u00e9motions et du corps. Il est n\u00e9cessaire de connecter toutes ces parties afin de cr\u00e9er un \u00e9quilibre et une harmonie dans toute la personne.<\/p>\n\n\n\n<blockquote class=\"wp-block-quote has-text-align-center is-style-default is-layout-flow wp-block-quote-is-layout-flow\"><p>&#8220;Rien de ce qui se passe n&#8217;est un \u00e9v\u00e9nement isol\u00e9 ; \u00e7a n&#8217;en a que l&#8217;apparence.&#8221;<\/p><cite>~ Eckhart Tolle<\/cite><\/blockquote>\n<\/div><\/section>\n","protected":false},"excerpt":{"rendered":"","protected":false},"author":2,"featured_media":129,"parent":0,"menu_order":0,"comment_status":"closed","ping_status":"closed","template":"","meta":{"_uag_custom_page_level_css":"","_genesis_hide_title":false,"_genesis_hide_breadcrumbs":false,"_genesis_hide_singular_image":false,"_genesis_hide_footer_widgets":false,"_genesis_custom_body_class":"","_genesis_custom_post_class":"","_genesis_layout":"","footnotes":""},"class_list":{"0":"post-123","1":"page","2":"type-page","3":"status-publish","4":"has-post-thumbnail","6":"entry"},"featured_image_src":"https:\/\/karinepeel.com\/fr\/wp-content\/uploads\/2020\/12\/My-Approach-600x400.jpg","featured_image_src_square":"https:\/\/karinepeel.com\/fr\/wp-content\/uploads\/2020\/12\/My-Approach-600x600.jpg","uagb_featured_image_src":{"full":["https:\/\/karinepeel.com\/fr\/wp-content\/uploads\/2020\/12\/My-Approach.jpg",1920,960,false],"thumbnail":["https:\/\/karinepeel.com\/fr\/wp-content\/uploads\/2020\/12\/My-Approach-150x150.jpg",150,150,true],"medium":["https:\/\/karinepeel.com\/fr\/wp-content\/uploads\/2020\/12\/My-Approach-300x150.jpg",300,150,true],"medium_large":["https:\/\/karinepeel.com\/fr\/wp-content\/uploads\/2020\/12\/My-Approach-768x384.jpg",768,384,true],"large":["https:\/\/karinepeel.com\/fr\/wp-content\/uploads\/2020\/12\/My-Approach-1024x512.jpg",1024,512,true],"1536x1536":["https:\/\/karinepeel.com\/fr\/wp-content\/uploads\/2020\/12\/My-Approach-1536x768.jpg",1536,768,true],"2048x2048":["https:\/\/karinepeel.com\/fr\/wp-content\/uploads\/2020\/12\/My-Approach.jpg",1920,960,false],"sidebar-featured-thumb":["https:\/\/karinepeel.com\/fr\/wp-content\/uploads\/2020\/12\/My-Approach-70x60.jpg",70,60,true],"featured-image":["https:\/\/karinepeel.com\/fr\/wp-content\/uploads\/2020\/12\/My-Approach-800x400.jpg",800,400,true],"header-hero":["https:\/\/karinepeel.com\/fr\/wp-content\/uploads\/2020\/12\/My-Approach-1600x800.jpg",1600,800,true],"gb-block-post-grid-landscape":["https:\/\/karinepeel.com\/fr\/wp-content\/uploads\/2020\/12\/My-Approach-600x400.jpg",600,400,true],"gb-block-post-grid-square":["https:\/\/karinepeel.com\/fr\/wp-content\/uploads\/2020\/12\/My-Approach-600x600.jpg",600,600,true]},"uagb_author_info":{"display_name":"Carolyne","author_link":"https:\/\/karinepeel.com\/fr\/author\/carolyne\/"},"uagb_comment_info":0,"uagb_excerpt":null,"_links":{"self":[{"href":"https:\/\/karinepeel.com\/fr\/wp-json\/wp\/v2\/pages\/123","targetHints":{"allow":["GET"]}}],"collection":[{"href":"https:\/\/karinepeel.com\/fr\/wp-json\/wp\/v2\/pages"}],"about":[{"href":"https:\/\/karinepeel.com\/fr\/wp-json\/wp\/v2\/types\/page"}],"author":[{"embeddable":true,"href":"https:\/\/karinepeel.com\/fr\/wp-json\/wp\/v2\/users\/2"}],"replies":[{"embeddable":true,"href":"https:\/\/karinepeel.com\/fr\/wp-json\/wp\/v2\/comments?post=123"}],"version-history":[{"count":22,"href":"https:\/\/karinepeel.com\/fr\/wp-json\/wp\/v2\/pages\/123\/revisions"}],"predecessor-version":[{"id":435,"href":"https:\/\/karinepeel.com\/fr\/wp-json\/wp\/v2\/pages\/123\/revisions\/435"}],"wp:featuredmedia":[{"embeddable":true,"href":"https:\/\/karinepeel.com\/fr\/wp-json\/wp\/v2\/media\/129"}],"wp:attachment":[{"href":"https:\/\/karinepeel.com\/fr\/wp-json\/wp\/v2\/media?parent=123"}],"curies":[{"name":"wp","href":"https:\/\/api.w.org\/{rel}","templated":true}]}}