{"id":13,"date":"2020-12-14T14:31:01","date_gmt":"2020-12-14T19:31:01","guid":{"rendered":"https:\/\/karinepeel.com\/fr\/new\/?page_id=13"},"modified":"2021-12-09T10:56:22","modified_gmt":"2021-12-09T15:56:22","slug":"karine-peel","status":"publish","type":"page","link":"https:\/\/karinepeel.com\/fr\/karine-peel\/","title":{"rendered":"Karine Peel"},"content":{"rendered":"<h2>Psychoth\u00e9rapeute et Coach de Vie<\/h2>\n<p><img loading=\"lazy\" decoding=\"async\" class=\"alignright wp-image-48 size-medium\" src=\"https:\/\/karinepeel.com\/fr\/wp-content\/uploads\/2020\/12\/Karine-227x300.jpg\" alt=\"Karine Peel - Psychoth\u00e9rapeute et coach de vie\" width=\"227\" height=\"300\" srcset=\"https:\/\/karinepeel.com\/fr\/wp-content\/uploads\/2020\/12\/Karine-227x300.jpg 227w, https:\/\/karinepeel.com\/fr\/wp-content\/uploads\/2020\/12\/Karine.jpg 500w\" sizes=\"auto, (max-width: 227px) 100vw, 227px\" \/><\/p>\n<p>Karine Peel est une psychoth\u00e9rapeute qui travaille depuis plus de 25 ans avec des clients adultes parlant fran\u00e7ais, anglais et russe.<\/p>\n<p>En utilisant une vari\u00e9t\u00e9 de techniques de psychoth\u00e9rapie et de coaching, Karine peut vous aider \u00e0 retrouver un sentiment de confiance et de plaisir dans la vie, \u00e0 vous \u00e9panouir pleinement et \u00e0 r\u00e9aliser vos r\u00eaves. C&#8217;est l&#8217;occasion de changer les habitudes que vous n&#8217;aimez pas et de ramener la joie dans votre vie. Des services de psychoth\u00e9rapie sont propos\u00e9s aux personnes souffrant de d\u00e9pression, d&#8217;anxi\u00e9t\u00e9, de difficult\u00e9s relationnelles, de chagrin ou de deuil, de manque de confiance en soi, de probl\u00e8mes li\u00e9s au stress ou de transitions majeures de la vie (divorce, changement de carri\u00e8re, etc.), ainsi qu&#8217;un travail de d\u00e9veloppement personnel.<\/p>\n<p>Apr\u00e8s avoir obtenu un doctorat en m\u00e9decine \u00e0 l&#8217;Universit\u00e9 de Lettonie, Karine s&#8217;installe \u00e0 Paris pour \u00e9tudier la psychoth\u00e9rapie \u00e0 l&#8217;\u00c9cole d&#8217;analyse psycho-organique (EFAPO).<\/p>\n<p>En 2010, elle est devenue membre de l&#8217;Association europ\u00e9enne et mondiale des psychoth\u00e9rapeutes. Vivre, \u00e9tudier et voyager en Europe et en Am\u00e9rique du Nord lui a permis de travailler avec une client\u00e8le multiculturelle et multiethnique aux origines socioculturelles diff\u00e9rentes.<\/p>\n<p>Dans sa pratique, elle utilise une vari\u00e9t\u00e9 de techniques et de m\u00e9thodes, notamment l&#8217;analyse psycho-organique, la psychoth\u00e9rapie humaniste et existentielle. Elle se sp\u00e9cialise dans la th\u00e9rapie \u00e0 court terme ax\u00e9e sur les solutions. Karine appr\u00e9cie son travail de psychoth\u00e9rapeute et consid\u00e8re que c&#8217;est un honneur et un privil\u00e8ge de travailler avec ses clients et de participer \u00e0 leur d\u00e9veloppement personnel.<\/p>\n<h3>Certificats:<\/h3>\n<ul>\n<li>Degree &#8211; L\u2019 Ecole Fran\u00e7aise d\u2019Analyses Psycho-Organique (EFAPO)<\/li>\n<li>Le certificat mondial de psychoth\u00e9rapie (WCPC)<\/li>\n<li>Le Certificat Europ\u00e9en de Psychoth\u00e9rapie (ECP)<\/li>\n<li>Coach de vie professionnel certifi\u00e9, American Life Coaching Academy<\/li>\n<li>Doctorat en m\u00e9decine &#8211; Universit\u00e9 de Lettonie<\/li>\n<\/ul>\n<h3>Membre de:<\/h3>\n<ul>\n<li>AAPO (l&#8217;Association d&#8217;Analyse Psycho-Organique)<\/li>\n<li>l\u2019Ordre des Psychologues du Qu\u00e9bec:\u00a0 Dipl. M\u00e9decine, Psychoth\u00e9rapeute<\/li>\n<\/ul>\n\n\n<p><\/p>\n","protected":false},"excerpt":{"rendered":"<p>Psychoth\u00e9rapeute et Coach de Vie Karine Peel est une psychoth\u00e9rapeute qui travaille depuis plus de 25 ans avec des clients adultes parlant fran\u00e7ais, anglais et russe. En utilisant une vari\u00e9t\u00e9 de techniques de psychoth\u00e9rapie et de coaching, Karine peut vous aider \u00e0 retrouver un sentiment de confiance et de plaisir dans la vie, \u00e0 vous [&hellip;]<\/p>\n","protected":false},"author":2,"featured_media":54,"parent":0,"menu_order":0,"comment_status":"closed","ping_status":"closed","template":"","meta":{"_uag_custom_page_level_css":"","_genesis_hide_title":false,"_genesis_hide_breadcrumbs":false,"_genesis_hide_singular_image":false,"_genesis_hide_footer_widgets":false,"_genesis_custom_body_class":"","_genesis_custom_post_class":"","_genesis_layout":"","footnotes":""},"class_list":{"0":"post-13","1":"page","2":"type-page","3":"status-publish","4":"has-post-thumbnail","6":"entry"},"featured_image_src":"https:\/\/karinepeel.com\/fr\/wp-content\/uploads\/2020\/12\/Blog-600x400.jpg","featured_image_src_square":"https:\/\/karinepeel.com\/fr\/wp-content\/uploads\/2020\/12\/Blog-600x600.jpg","uagb_featured_image_src":{"full":["https:\/\/karinepeel.com\/fr\/wp-content\/uploads\/2020\/12\/Blog.jpg",1920,960,false],"thumbnail":["https:\/\/karinepeel.com\/fr\/wp-content\/uploads\/2020\/12\/Blog-150x150.jpg",150,150,true],"medium":["https:\/\/karinepeel.com\/fr\/wp-content\/uploads\/2020\/12\/Blog-300x150.jpg",300,150,true],"medium_large":["https:\/\/karinepeel.com\/fr\/wp-content\/uploads\/2020\/12\/Blog-768x384.jpg",768,384,true],"large":["https:\/\/karinepeel.com\/fr\/wp-content\/uploads\/2020\/12\/Blog-1024x512.jpg",1024,512,true],"1536x1536":["https:\/\/karinepeel.com\/fr\/wp-content\/uploads\/2020\/12\/Blog-1536x768.jpg",1536,768,true],"2048x2048":["https:\/\/karinepeel.com\/fr\/wp-content\/uploads\/2020\/12\/Blog.jpg",1920,960,false],"sidebar-featured-thumb":["https:\/\/karinepeel.com\/fr\/wp-content\/uploads\/2020\/12\/Blog-70x60.jpg",70,60,true],"featured-image":["https:\/\/karinepeel.com\/fr\/wp-content\/uploads\/2020\/12\/Blog-800x400.jpg",800,400,true],"header-hero":["https:\/\/karinepeel.com\/fr\/wp-content\/uploads\/2020\/12\/Blog-1600x800.jpg",1600,800,true],"gb-block-post-grid-landscape":["https:\/\/karinepeel.com\/fr\/wp-content\/uploads\/2020\/12\/Blog-600x400.jpg",600,400,true],"gb-block-post-grid-square":["https:\/\/karinepeel.com\/fr\/wp-content\/uploads\/2020\/12\/Blog-600x600.jpg",600,600,true]},"uagb_author_info":{"display_name":"Carolyne","author_link":"https:\/\/karinepeel.com\/fr\/author\/carolyne\/"},"uagb_comment_info":0,"uagb_excerpt":"Psychoth\u00e9rapeute et Coach de Vie Karine Peel est une psychoth\u00e9rapeute qui travaille depuis plus de 25 ans avec des clients adultes parlant fran\u00e7ais, anglais et russe. En utilisant une vari\u00e9t\u00e9 de techniques de psychoth\u00e9rapie et de coaching, Karine peut vous aider \u00e0 retrouver un sentiment de confiance et de plaisir dans la vie, \u00e0 vous&hellip;","_links":{"self":[{"href":"https:\/\/karinepeel.com\/fr\/wp-json\/wp\/v2\/pages\/13","targetHints":{"allow":["GET"]}}],"collection":[{"href":"https:\/\/karinepeel.com\/fr\/wp-json\/wp\/v2\/pages"}],"about":[{"href":"https:\/\/karinepeel.com\/fr\/wp-json\/wp\/v2\/types\/page"}],"author":[{"embeddable":true,"href":"https:\/\/karinepeel.com\/fr\/wp-json\/wp\/v2\/users\/2"}],"replies":[{"embeddable":true,"href":"https:\/\/karinepeel.com\/fr\/wp-json\/wp\/v2\/comments?post=13"}],"version-history":[{"count":17,"href":"https:\/\/karinepeel.com\/fr\/wp-json\/wp\/v2\/pages\/13\/revisions"}],"predecessor-version":[{"id":449,"href":"https:\/\/karinepeel.com\/fr\/wp-json\/wp\/v2\/pages\/13\/revisions\/449"}],"wp:featuredmedia":[{"embeddable":true,"href":"https:\/\/karinepeel.com\/fr\/wp-json\/wp\/v2\/media\/54"}],"wp:attachment":[{"href":"https:\/\/karinepeel.com\/fr\/wp-json\/wp\/v2\/media?parent=13"}],"curies":[{"name":"wp","href":"https:\/\/api.w.org\/{rel}","templated":true}]}}