{"id":17,"date":"2020-12-14T14:50:42","date_gmt":"2020-12-14T19:50:42","guid":{"rendered":"https:\/\/karinepeel.com\/fr\/new\/?page_id=17"},"modified":"2021-10-05T11:30:33","modified_gmt":"2021-10-05T15:30:33","slug":"ressources","status":"publish","type":"page","link":"https:\/\/karinepeel.com\/fr\/ressources\/","title":{"rendered":"Ressources"},"content":{"rendered":"<h3>HELP LINES<\/h3>\n<p><a href=\"http:\/\/www.drogue-aidereference.qc.ca\/\" target=\"_blank\" rel=\"noopener\">Drugs: Help and Referral<\/a> \/ Drogue : aide et r\u00e9f\u00e9rence<br>1 800 265-2626, or 514 527-2626<\/p>\n<p><a href=\"https:\/\/aa-quebec.org\/aaqc_wp\/\" target=\"_blank\" rel=\"noopener\">Alcoholics Anonymous<\/a> \/ Les Alcooliques Anonymes<br>Region Sud-ouest Du Quebec Phone:(514)374-3688<\/p>\n<p><a href=\"http:\/\/www.info-reference.qc.ca\/\" target=\"_blank\" rel=\"noopener\">INFORMATION AND REFERRAL CENTRE<\/a> of greater Montreal \/<br>CENTRE DE R\u00c9F\u00c9RENCE du grand Montr\u00e9al<br>(514) 527-1375<\/p>\n<p><a href=\"https:\/\/aidejeu.ca\/\" target=\"_blank\" rel=\"noopener\">Gambling: Help and Referral<\/a> \/ JEU: AIDE ET R\u00c9F\u00c9RENCE<br>T\u00e9l\u00e9phone: (514) 527-0140 Montr\u00e9al et environs<br>1-800-461-0140 Ailleurs<\/p>\n<p><a href=\"https:\/\/www.smokershelpline.ca\/\" target=\"_blank\" rel=\"noopener\">Smokers&#8217; Helpline<\/a> \/ La ligne J&#8217;arrete<br>1-866-JARRETE (1-866-527-7383)<\/p>\n<p><a href=\"https:\/\/www.cvasm.org\/\" target=\"_blank\" rel=\"noopener\">Sexual Assault Crisis Centre<\/a> \/ Centre Pour les Victimes D&#8217;Aggression Sexuelle (CLSC Metro)<br>Crisis (514) 934-4504*<br>Business (514) 934-0354<\/p>\n<h3>OTHER COMMUNITY RESOURCES<\/h3>\n<p><a href=\"https:\/\/cmha.ca\/\" target=\"_blank\" rel=\"noopener\">Canadian Mental Health Association<\/a> \/ Association Canadienne pour la Sante Mentale<\/p>\n<p><a href=\"https:\/\/www.mentalhealth.gov\/get-help\/immediate-help\">U.S. Department of Health &amp; Human Services<\/a><\/p>\n\n\n<h3 class=\"wp-block-heading\">For more information about clients&#8217; rights and procedural issues<\/h3>\n\n\n\n<p><a href=\"http:\/\/legisquebec.gouv.qc.ca\/fr\/showdoc\/cr\/C-26,%20r.%20221\" data-type=\"URL\" data-id=\"http:\/\/legisquebec.gouv.qc.ca\/fr\/showdoc\/cr\/C-26,%20r.%20221\">R\u00e8glement sur la tenue des dossiers et des cabinets de consultation des psychologues<\/a><\/p>\n\n\n\n<p><a href=\"http:\/\/legisquebec.gouv.qc.ca\/fr\/showdoc\/cr\/C-26,%20r.%20212\" data-type=\"URL\" data-id=\"http:\/\/legisquebec.gouv.qc.ca\/fr\/showdoc\/cr\/C-26,%20r.%20212\">Code de d\u00e9ontologie des psychologues<\/a><\/p>\n\n\n\n<p><a href=\"http:\/\/legisquebec.gouv.qc.ca\/fr\/showdoc\/cr\/C-26,%20r.%20220\" data-type=\"URL\" data-id=\"http:\/\/legisquebec.gouv.qc.ca\/fr\/showdoc\/cr\/C-26,%20r.%20220\">R\u00e8glement sur la proc\u00e9dure de conciliation et d\u2019arbitrage des comptes des psychologues<\/a><\/p>\n\n\n\n<p><\/p>\n","protected":false},"excerpt":{"rendered":"<p>HELP LINES Drugs: Help and Referral \/ Drogue : aide et r\u00e9f\u00e9rence1 800 265-2626, or 514 527-2626 Alcoholics Anonymous \/ Les Alcooliques AnonymesRegion Sud-ouest Du Quebec Phone:(514)374-3688 INFORMATION AND REFERRAL CENTRE of greater Montreal \/CENTRE DE R\u00c9F\u00c9RENCE du grand Montr\u00e9al(514) 527-1375 Gambling: Help and Referral \/ JEU: AIDE ET R\u00c9F\u00c9RENCET\u00e9l\u00e9phone: (514) 527-0140 Montr\u00e9al et environs1-800-461-0140 [&hellip;]<\/p>\n","protected":false},"author":2,"featured_media":170,"parent":0,"menu_order":0,"comment_status":"closed","ping_status":"closed","template":"","meta":{"_uag_custom_page_level_css":"","_genesis_hide_title":false,"_genesis_hide_breadcrumbs":false,"_genesis_hide_singular_image":false,"_genesis_hide_footer_widgets":false,"_genesis_custom_body_class":"","_genesis_custom_post_class":"","_genesis_layout":"","footnotes":""},"class_list":{"0":"post-17","1":"page","2":"type-page","3":"status-publish","4":"has-post-thumbnail","6":"entry"},"featured_image_src":"https:\/\/karinepeel.com\/fr\/wp-content\/uploads\/2021\/01\/Resources2-600x400.jpg","featured_image_src_square":"https:\/\/karinepeel.com\/fr\/wp-content\/uploads\/2021\/01\/Resources2-600x600.jpg","uagb_featured_image_src":{"full":["https:\/\/karinepeel.com\/fr\/wp-content\/uploads\/2021\/01\/Resources2.jpg",1920,960,false],"thumbnail":["https:\/\/karinepeel.com\/fr\/wp-content\/uploads\/2021\/01\/Resources2-150x150.jpg",150,150,true],"medium":["https:\/\/karinepeel.com\/fr\/wp-content\/uploads\/2021\/01\/Resources2-300x150.jpg",300,150,true],"medium_large":["https:\/\/karinepeel.com\/fr\/wp-content\/uploads\/2021\/01\/Resources2-768x384.jpg",768,384,true],"large":["https:\/\/karinepeel.com\/fr\/wp-content\/uploads\/2021\/01\/Resources2-1024x512.jpg",1024,512,true],"1536x1536":["https:\/\/karinepeel.com\/fr\/wp-content\/uploads\/2021\/01\/Resources2-1536x768.jpg",1536,768,true],"2048x2048":["https:\/\/karinepeel.com\/fr\/wp-content\/uploads\/2021\/01\/Resources2.jpg",1920,960,false],"sidebar-featured-thumb":["https:\/\/karinepeel.com\/fr\/wp-content\/uploads\/2021\/01\/Resources2-70x60.jpg",70,60,true],"featured-image":["https:\/\/karinepeel.com\/fr\/wp-content\/uploads\/2021\/01\/Resources2-800x400.jpg",800,400,true],"header-hero":["https:\/\/karinepeel.com\/fr\/wp-content\/uploads\/2021\/01\/Resources2-1600x800.jpg",1600,800,true],"gb-block-post-grid-landscape":["https:\/\/karinepeel.com\/fr\/wp-content\/uploads\/2021\/01\/Resources2-600x400.jpg",600,400,true],"gb-block-post-grid-square":["https:\/\/karinepeel.com\/fr\/wp-content\/uploads\/2021\/01\/Resources2-600x600.jpg",600,600,true]},"uagb_author_info":{"display_name":"Carolyne","author_link":"https:\/\/karinepeel.com\/fr\/author\/carolyne\/"},"uagb_comment_info":0,"uagb_excerpt":"HELP LINES Drugs: Help and Referral \/ Drogue : aide et r\u00e9f\u00e9rence1 800 265-2626, or 514 527-2626 Alcoholics Anonymous \/ Les Alcooliques AnonymesRegion Sud-ouest Du Quebec Phone:(514)374-3688 INFORMATION AND REFERRAL CENTRE of greater Montreal \/CENTRE DE R\u00c9F\u00c9RENCE du grand Montr\u00e9al(514) 527-1375 Gambling: Help and Referral \/ JEU: AIDE ET R\u00c9F\u00c9RENCET\u00e9l\u00e9phone: (514) 527-0140 Montr\u00e9al et environs1-800-461-0140&hellip;","_links":{"self":[{"href":"https:\/\/karinepeel.com\/fr\/wp-json\/wp\/v2\/pages\/17","targetHints":{"allow":["GET"]}}],"collection":[{"href":"https:\/\/karinepeel.com\/fr\/wp-json\/wp\/v2\/pages"}],"about":[{"href":"https:\/\/karinepeel.com\/fr\/wp-json\/wp\/v2\/types\/page"}],"author":[{"embeddable":true,"href":"https:\/\/karinepeel.com\/fr\/wp-json\/wp\/v2\/users\/2"}],"replies":[{"embeddable":true,"href":"https:\/\/karinepeel.com\/fr\/wp-json\/wp\/v2\/comments?post=17"}],"version-history":[{"count":9,"href":"https:\/\/karinepeel.com\/fr\/wp-json\/wp\/v2\/pages\/17\/revisions"}],"predecessor-version":[{"id":429,"href":"https:\/\/karinepeel.com\/fr\/wp-json\/wp\/v2\/pages\/17\/revisions\/429"}],"wp:featuredmedia":[{"embeddable":true,"href":"https:\/\/karinepeel.com\/fr\/wp-json\/wp\/v2\/media\/170"}],"wp:attachment":[{"href":"https:\/\/karinepeel.com\/fr\/wp-json\/wp\/v2\/media?parent=17"}],"curies":[{"name":"wp","href":"https:\/\/api.w.org\/{rel}","templated":true}]}}