{"id":453,"date":"2022-10-14T11:28:43","date_gmt":"2022-10-14T15:28:43","guid":{"rendered":"https:\/\/karinepeel.com\/fr\/?page_id=453"},"modified":"2022-10-17T10:59:33","modified_gmt":"2022-10-17T14:59:33","slug":"coach-de-vie","status":"publish","type":"page","link":"https:\/\/karinepeel.com\/fr\/coach-de-vie\/","title":{"rendered":"Coach de vie en ligne, Californie"},"content":{"rendered":"\n<div style=\"height:5px\" aria-hidden=\"true\" class=\"wp-block-spacer\"><\/div>\n\n\n\n<h2 class=\"has-text-align-center wp-block-heading\">Qu&#8217;est-ce qu&#8217;un Coach de Vie?<\/h2>\n\n\n\n<p>Un coach de vie est une personne professionnellement form\u00e9e pour vous aider \u00e0 atteindre votre plein potentiel et vos objectifs. Le coaching de vie vous aide \u00e0 identifier votre situation actuelle et ce que vous voulez dans votre vie.&nbsp; En vous guidant et en vous encourageant, le coach de vie travaille avec vous pour apporter des changements et obtenir les r\u00e9sultats que vous souhaitez.<\/p>\n\n\n\n<p>Les coachs de vie vous aident \u00e0 progresser en identifiant les croyances qui vous limitent et les autres obstacles qui vous retiennent et en \u00e9laborant un plan d&#8217;action pour vous faire avancer dans la bonne direction. Avec l&#8217;aide d&#8217;un coach de vie, vous poursuivrez vos objectifs personnels et professionnels de mani\u00e8re compl\u00e8te, \u00e9quilibr\u00e9e et significative.<\/p>\n\n\n\n<div style=\"height:40px\" aria-hidden=\"true\" class=\"wp-block-spacer\"><\/div>\n\n\n\n<div class=\"wp-block-uagb-advanced-heading uagb-block-62cf701c\"><h2 class=\"uagb-heading-text\">Coach de Vie, Karine Peel<\/h2><p class=\"uagb-desc-text\"><a href=\"https:\/\/karinepeel.com\/life-coach-california\/\">Anglais<\/a> \/ <a href=\"https:\/\/karinepeel.com\/fr\/coach-de-vie-montreal-quebec\/\">Fran\u00e7ais<\/a> \/ <a href=\"https:\/\/karinepeel.com\/life-coach-russian\/\">Russe<\/a><\/p><\/div>\n\n\n\n<div style=\"height:40px\" aria-hidden=\"true\" class=\"wp-block-spacer\"><\/div>\n\n\n\n<div class=\"wp-block-columns is-layout-flex wp-container-core-columns-is-layout-9d6595d7 wp-block-columns-is-layout-flex\">\n<div class=\"wp-block-column is-layout-flow wp-block-column-is-layout-flow\">\n<figure class=\"wp-block-image size-full\"><img loading=\"lazy\" decoding=\"async\" width=\"500\" height=\"662\" src=\"https:\/\/karinepeel.com\/wp-content\/uploads\/2020\/12\/Karine.jpg\" alt=\"Coach de vie fran\u00e7aise Karine Peel, Californie, USA\" class=\"wp-image-48\" srcset=\"https:\/\/karinepeel.com\/fr\/wp-content\/uploads\/2020\/12\/Karine.jpg 500w, https:\/\/karinepeel.com\/fr\/wp-content\/uploads\/2020\/12\/Karine-227x300.jpg 227w\" sizes=\"auto, (max-width: 500px) 100vw, 500px\" \/><\/figure>\n<\/div>\n\n\n\n<div class=\"wp-block-column is-layout-flow wp-block-column-is-layout-flow\">\n<p>En tant que coach de vie professionnelle certifi\u00e9e en Californie, Karine Peel travaille avec vous pour identifier les informations sur vous-m\u00eame dont vous n&#8217;avez pas pleinement conscience.<\/p>\n\n\n\n<p>A travers diff\u00e9rentes techniques de coaching de vie, Karine vous aidera \u00e0 d\u00e9finir clairement vos objectifs, \u00e0 \u00e9valuer vos atouts et \u00e0 prendre conscience de vos obstacles. Les forces internes (comportements et id\u00e9es fausses) et externes peuvent cr\u00e9er des obstacles dans votre vie.<\/p>\n\n\n\n<p>Karine vous aidera \u00e9galement \u00e0 r\u00e9\u00e9valuer vos objectifs afin qu&#8217;ils soient align\u00e9s avec vos valeurs int\u00e9rieures et \u00e0 \u00e9laborer un plan clair pour les atteindre.<\/p>\n\n\n\n<p>Pour chaque \u00e9tape de votre parcours, Karine vous guidera \u00e0 travers les difficult\u00e9s qui peuvent se pr\u00e9senter &#8211; vous aidant ainsi \u00e0 atteindre votre plein potentiel avec des r\u00e9sultats durables.<\/p>\n<\/div>\n<\/div>\n\n\n\n<p>Gr\u00e2ce au travail effectu\u00e9 dans le cadre de votre partenariat de coaching, Karine vous aidera \u00e0 trouver vos propres r\u00e9ponses. Le coaching de vie qu&#8217;elle vous propose est unique et adapt\u00e9 \u00e0 vos besoins sp\u00e9cifiques. Gr\u00e2ce \u00e0 un travail collaboratif, Karine vous aidera \u00e0 \u00eatre plus productif, \u00e0 vous sentir plus ma\u00eetre de votre vie, \u00e0 ressentir de la satisfaction et du bonheur tout en avan\u00e7ant vers vos objectifs. Bien que bas\u00e9e en Californie, Karine assiste des clients dans le monde entier.  <strong><a href=\"https:\/\/karinepeel.com\/karine-peel\/\">En savoir plus sur Karine<\/a><\/strong>.<\/p>\n\n\n\n<div style=\"height:20px\" aria-hidden=\"true\" class=\"wp-block-spacer\"><\/div>\n\n\n\n<div class=\"wp-block-buttons is-layout-flex wp-block-buttons-is-layout-flex\">\n<div class=\"wp-block-button aligncenter is-style-outline is-style-outline--1\"><a class=\"wp-block-button__link has-black-color has-text-color has-background\" href=\"https:\/\/karinepeel.com\/fr\/contactez\/\" style=\"background-color:#d4b280\">PLANIFIER UN APPEL AVEC karine<\/a><\/div>\n<\/div>\n\n\n\n<div style=\"height:10px\" aria-hidden=\"true\" class=\"wp-block-spacer\"><\/div>\n\n\n\n<blockquote class=\"wp-block-quote has-text-align-center is-layout-flow wp-block-quote-is-layout-flow\"><p>&#8220;Il n&#8217;y a aucune raison valable pour que nous ne nous d\u00e9veloppions pas et ne changions pas jusqu&#8217;au dernier jour de notre vie.&#8221;<\/p><cite>~ Karen Horney<\/cite><\/blockquote>\n\n\n\n<div style=\"height:10px\" aria-hidden=\"true\" class=\"wp-block-spacer\"><\/div>\n\n\n\n<h2 class=\"has-text-align-center wp-block-heading\">Comment le coaching vous aide<\/h2>\n\n\n\n<div class=\"wp-block-genesis-blocks-gb-columns gb-layout-columns-2 gb-2-col-equal\"><div class=\"gb-layout-column-wrap gb-block-layout-column-gap-2 gb-is-responsive-column\">\n<div class=\"wp-block-genesis-blocks-gb-column gb-block-layout-column\"><div class=\"gb-block-layout-column-inner\">\n<ul class=\"wp-block-list\"><li>Vous aider \u00e0 identifier les domaines probl\u00e9matiques dans lesquels vous vous sentez confus, perdu ou bloqu\u00e9<\/li><li>\u00c9liminer les croyances limitatives et autres obstacles qui vous retiennent<\/li><li>\u00c9laborer un plan d&#8217;action pour atteindre vos objectifs personnels et professionnels<\/li><\/ul>\n<\/div><\/div>\n\n\n\n<div class=\"wp-block-genesis-blocks-gb-column gb-block-layout-column\"><div class=\"gb-block-layout-column-inner\">\n<ul class=\"wp-block-list\"><li>Vous guider, vous motiver et vous responsabiliser dans la poursuite de vos objectifs<\/li><li>Vous aider \u00e0 gagner en clart\u00e9, en compr\u00e9hension de soi et en confiance<\/li><li>Am\u00e9liorer vos comp\u00e9tences en mati\u00e8re de communication et de r\u00e9solution de probl\u00e8mes<\/li><\/ul>\n<\/div><\/div>\n<\/div><\/div>\n\n\n\n<p><\/p>\n\n\n\n<div style=\"height:10px\" aria-hidden=\"true\" class=\"wp-block-spacer\"><\/div>\n\n\n\n<h2 class=\"has-text-align-center wp-block-heading\">Le Coaching de Vie Apporte de la Clart\u00e9<\/h2>\n\n\n\n<p>Pour r\u00e9ussir dans votre vie professionnelle ou personnelle, vous devez savoir exactement ce que vous recherchez et quels sont vos objectifs. Nous voulons tous \u00eatre heureux, r\u00e9ussir et profiter de notre vie, mais le bonheur, le succ\u00e8s et la satisfaction n&#8217;ont pas la m\u00eame d\u00e9finition pour tout le monde. Afin de pouvoir r\u00e9ellement profiter de votre vie, vous devez avoir une compr\u00e9hension claire de ce que ces notions ont pour vous. Le coaching de vie apportera de la clart\u00e9 \u00e0 toutes les situations de votre vie et vous aidera \u00e0 trouver une direction.<\/p>\n\n\n\n<p>Nous sommes tous conditionn\u00e9s par la soci\u00e9t\u00e9 dans laquelle nous vivons. La soci\u00e9t\u00e9 dans son ensemble ainsi que notre entourage imm\u00e9diat (famille, amis, coll\u00e8gues, communaut\u00e9) ont un impact important sur notre perception des choses.<\/p>\n\n\n\n<p>Souvent, nous ressentons une pression pour nous conformer \u00e0 certains groupes de la soci\u00e9t\u00e9, ce qui peut rendre notre vision confuse et nous \u00e9loigner de notre moi authentique. Nous ne sommes plus s\u00fbrs de ce que nous recherchons, de ce qui est bon ou mauvais pour nous ; nous perdons notre motivation et ne prenons pas plaisir \u00e0 vivre. Nous ne comprenons pas pourquoi les choses ne se passent pas comme nous le souhaitons. M\u00eame lorsque nous obtenons ce que nous recherchons, nous ne l&#8217;appr\u00e9cions pas et nous courons bient\u00f4t apr\u00e8s la prochaine chose. Le coaching de vie consiste \u00e0 mettre les choses au point, \u00e0 vous permettre de gagner en clart\u00e9 et de prendre des d\u00e9cisions en toute confiance pour apporter des changements positifs \u00e0 votre vie<\/p>\n\n\n\n<blockquote class=\"wp-block-quote has-text-align-center is-style-default is-layout-flow wp-block-quote-is-layout-flow\"><p>&#8220;La communication m\u00e8ne \u00e0 la communaut\u00e9, c&#8217;est-\u00e0-dire \u00e0 la compr\u00e9hension, l&#8217;intimit\u00e9 et la valorisation mutuelle.&#8221;<\/p><cite>~ Rollo May<\/cite><\/blockquote>\n\n\n\n<div style=\"height:20px\" aria-hidden=\"true\" class=\"wp-block-spacer\"><\/div>\n\n\n\n<h3 class=\"has-text-align-center wp-block-heading\">Le Coaching de Vie s&#8217;Adresse \u00e0 Tous<\/h3>\n\n\n\n<p>Les professionnels, les personnes en transition, les entrepreneurs, les propri\u00e9taires d&#8217;entreprise et les athl\u00e8tes faisaient partie des personnes qui travaillaient habituellement avec un coach. Aujourd&#8217;hui, le coaching personnel s&#8217;adresse \u00e0 tout le monde. Quelles que soient vos r\u00e9ussites professionnelles ou votre place dans la vie, la plupart des personnes qui font appel \u00e0 un coach personnel sont des individus accomplis, pleins de ressources et intelligents, qui souhaitent tirer le meilleur de leur vie.<strong> Voici quelques domaines dans lesquels le coaching personnel peut apporter du succ\u00e8s:<\/strong><\/p>\n\n\n\n<div class=\"wp-block-genesis-blocks-gb-columns gb-layout-columns-2 gb-2-col-equal\"><div class=\"gb-layout-column-wrap gb-block-layout-column-gap-2 gb-is-responsive-column\">\n<div class=\"wp-block-genesis-blocks-gb-column gb-block-layout-column\"><div class=\"gb-block-layout-column-inner\">\n<ul class=\"wp-block-list\"><li>Planification de la vie<\/li><li>Vision et am\u00e9lioration de la vie<\/li><li>Transitions de vie\/carri\u00e8re<\/li><li>Soins personnels<\/li><li>Relations de couple\/famille<\/li><li>Probl\u00e8mes li\u00e9s \u00e0 l&#8217;\u00e9ducation des enfants<\/li><li>Retraite \/ Vieillissement<\/li><\/ul>\n<\/div><\/div>\n\n\n\n<div class=\"wp-block-genesis-blocks-gb-column gb-block-layout-column\"><div class=\"gb-block-layout-column-inner\">\n<ul class=\"wp-block-list\"><li>Affaires<\/li><li>Sant\u00e9 et forme physique<\/li><li>Cr\u00e9ativit\u00e9<\/li><li>Libert\u00e9 financi\u00e8re<\/li><li>Probl\u00e8mes des \u00e9tudiants des coll\u00e8ges et universit\u00e9s<\/li><li>S\u00e9paration \/ Divorce<\/li><li>Int\u00e9gration culturelle \/ Questions interculturelles<\/li><\/ul>\n<\/div><\/div>\n<\/div><\/div>\n\n\n\n<blockquote class=\"wp-block-quote has-text-align-center is-style-default is-layout-flow wp-block-quote-is-layout-flow\"><p>&#8220;Beaucoup de gens souffrent de la peur de se retrouver seuls, et donc ils ne se trouvent pas du tout.&#8221;<\/p><cite>~ Rollo May<\/cite><\/blockquote>\n\n\n\n<div style=\"height:10px\" aria-hidden=\"true\" class=\"wp-block-spacer\"><\/div>\n\n\n\n<h2 class=\"has-text-align-center wp-block-heading\">Le Coaching de Vie est-il une Th\u00e9rapie?<\/h2>\n\n\n\n<p>Non, ce n&#8217;est pas le cas. La diff\u00e9rence entre la th\u00e9rapie et le coaching de vie est que la th\u00e9rapie se penche sur la gu\u00e9rison des traumatismes \u00e9motionnels provenant du pass\u00e9 &#8211; et sur la sant\u00e9 mentale en g\u00e9n\u00e9ral &#8211; tandis que le coaching de vie est ax\u00e9 sur la d\u00e9finition et l&#8217;atteinte d&#8217;objectifs sp\u00e9cifiques (le moment pr\u00e9sent et le futur). <\/p>\n\n\n\n<h3 class=\"has-text-align-center wp-block-heading\">Programmes de Coaching<\/h3>\n\n\n\n<p>Vous pouvez r\u00e9server une seule consultation avec Karine, ou choisir l&#8217;une des formules suivantes.<\/p>\n\n\n<div class=\"wp-block-uagb-faq uagb-faq__outer-wrap uagb-block-6e9f02ce uagb-faq-icon-row-reverse uagb-faq-layout-accordion uagb-faq-expand-first-false uagb-faq-inactive-other-true uagb-faq__wrap uagb-buttons-layout-wrap uagb-faq-equal-height     \" data-faqtoggle=\"true\" role=\"tablist\"><div class=\"wp-block-uagb-faq-child uagb-faq-child__outer-wrap uagb-faq-item uagb-block-be96bb1a \" role=\"tab\" tabindex=\"0\"><div class=\"uagb-faq-questions-button uagb-faq-questions\">\t\t\t<span class=\"uagb-icon uagb-faq-icon-wrap\">\n\t\t\t\t\t\t\t\t<svg xmlns=\"https:\/\/www.w3.org\/2000\/svg\" viewBox= \"0 0 384 512\"><path d=\"M374.6 310.6l-160 160C208.4 476.9 200.2 480 192 480s-16.38-3.125-22.62-9.375l-160-160c-12.5-12.5-12.5-32.75 0-45.25s32.75-12.5 45.25 0L160 370.8V64c0-17.69 14.33-31.1 31.1-31.1S224 46.31 224 64v306.8l105.4-105.4c12.5-12.5 32.75-12.5 45.25 0S387.1 298.1 374.6 310.6z\"><\/path><\/svg>\n\t\t\t\t\t\t\t<\/span>\n\t\t\t\t\t\t<span class=\"uagb-icon-active uagb-faq-icon-wrap\">\n\t\t\t\t\t\t\t\t<svg xmlns=\"https:\/\/www.w3.org\/2000\/svg\" viewBox= \"0 0 384 512\"><path d=\"M374.6 246.6C368.4 252.9 360.2 256 352 256s-16.38-3.125-22.62-9.375L224 141.3V448c0 17.69-14.33 31.1-31.1 31.1S160 465.7 160 448V141.3L54.63 246.6c-12.5 12.5-32.75 12.5-45.25 0s-12.5-32.75 0-45.25l160-160c12.5-12.5 32.75-12.5 45.25 0l160 160C387.1 213.9 387.1 234.1 374.6 246.6z\"><\/path><\/svg>\n\t\t\t\t\t\t\t<\/span>\n\t\t\t<h4 class=\"uagb-question\">Programme personnel de gestion du stress<\/h4><\/div><div class=\"uagb-faq-content\"><p>1) Identifier les sources de stress dans votre vie et comment y faire face<br>2) D\u00e9couvrir les habitudes malsaines\/destructrices<br>3) \u00c9tablir vos v\u00e9ritables objectifs<br>4) Motivation et o\u00f9 la trouver<br>5) Obstacles et pourquoi il n&#8217;est pas toujours facile de tenir vos r\u00e9solutions<br>6) D\u00e9velopper un protocole structur\u00e9 pour un succ\u00e8s continu<\/p><\/div><\/div><div class=\"wp-block-uagb-faq-child uagb-faq-child__outer-wrap uagb-faq-item uagb-block-9d65bb68 \" role=\"tab\" tabindex=\"0\"><div class=\"uagb-faq-questions-button uagb-faq-questions\">\t\t\t<span class=\"uagb-icon uagb-faq-icon-wrap\">\n\t\t\t\t\t\t\t\t<svg xmlns=\"https:\/\/www.w3.org\/2000\/svg\" viewBox= \"0 0 384 512\"><path d=\"M374.6 310.6l-160 160C208.4 476.9 200.2 480 192 480s-16.38-3.125-22.62-9.375l-160-160c-12.5-12.5-12.5-32.75 0-45.25s32.75-12.5 45.25 0L160 370.8V64c0-17.69 14.33-31.1 31.1-31.1S224 46.31 224 64v306.8l105.4-105.4c12.5-12.5 32.75-12.5 45.25 0S387.1 298.1 374.6 310.6z\"><\/path><\/svg>\n\t\t\t\t\t\t\t<\/span>\n\t\t\t\t\t\t<span class=\"uagb-icon-active uagb-faq-icon-wrap\">\n\t\t\t\t\t\t\t\t<svg xmlns=\"https:\/\/www.w3.org\/2000\/svg\" viewBox= \"0 0 384 512\"><path d=\"M374.6 246.6C368.4 252.9 360.2 256 352 256s-16.38-3.125-22.62-9.375L224 141.3V448c0 17.69-14.33 31.1-31.1 31.1S160 465.7 160 448V141.3L54.63 246.6c-12.5 12.5-32.75 12.5-45.25 0s-12.5-32.75 0-45.25l160-160c12.5-12.5 32.75-12.5 45.25 0l160 160C387.1 213.9 387.1 234.1 374.6 246.6z\"><\/path><\/svg>\n\t\t\t\t\t\t\t<\/span>\n\t\t\t<h4 class=\"uagb-question\">Se lib\u00e9rer des habitudes malsaines<\/h4><\/div><div class=\"uagb-faq-content\"><p>1) Comprendre comment les habitudes se cr\u00e9ent<br>2) Restrictions\/mythes\/tabous familiaux<br>3) Ce que votre habitude essaie de vous dire<br>4) Reconna\u00eetre vos besoins<br>5) Apprendre \u00e0 donner la priorit\u00e9 \u00e0 vos besoins et \u00e0 les exprimer d&#8217;une mani\u00e8re saine<br>6) D\u00e9velopper un protocole structur\u00e9 pour un succ\u00e8s continu<\/p><\/div><\/div><div class=\"wp-block-uagb-faq-child uagb-faq-child__outer-wrap uagb-faq-item uagb-block-69c2f139 \" role=\"tab\" tabindex=\"0\"><div class=\"uagb-faq-questions-button uagb-faq-questions\">\t\t\t<span class=\"uagb-icon uagb-faq-icon-wrap\">\n\t\t\t\t\t\t\t\t<svg xmlns=\"https:\/\/www.w3.org\/2000\/svg\" viewBox= \"0 0 384 512\"><path d=\"M374.6 310.6l-160 160C208.4 476.9 200.2 480 192 480s-16.38-3.125-22.62-9.375l-160-160c-12.5-12.5-12.5-32.75 0-45.25s32.75-12.5 45.25 0L160 370.8V64c0-17.69 14.33-31.1 31.1-31.1S224 46.31 224 64v306.8l105.4-105.4c12.5-12.5 32.75-12.5 45.25 0S387.1 298.1 374.6 310.6z\"><\/path><\/svg>\n\t\t\t\t\t\t\t<\/span>\n\t\t\t\t\t\t<span class=\"uagb-icon-active uagb-faq-icon-wrap\">\n\t\t\t\t\t\t\t\t<svg xmlns=\"https:\/\/www.w3.org\/2000\/svg\" viewBox= \"0 0 384 512\"><path d=\"M374.6 246.6C368.4 252.9 360.2 256 352 256s-16.38-3.125-22.62-9.375L224 141.3V448c0 17.69-14.33 31.1-31.1 31.1S160 465.7 160 448V141.3L54.63 246.6c-12.5 12.5-32.75 12.5-45.25 0s-12.5-32.75 0-45.25l160-160c12.5-12.5 32.75-12.5 45.25 0l160 160C387.1 213.9 387.1 234.1 374.6 246.6z\"><\/path><\/svg>\n\t\t\t\t\t\t\t<\/span>\n\t\t\t<h4 class=\"uagb-question\">Perte de poids, image corporelle, acceptation de soi, amour de soi<\/h4><\/div><div class=\"uagb-faq-content\"><p>D\u00e9tails \u00e0 venir.<\/p><\/div><\/div><div class=\"wp-block-uagb-faq-child uagb-faq-child__outer-wrap uagb-faq-item uagb-block-c91a36d4 \" role=\"tab\" tabindex=\"0\"><div class=\"uagb-faq-questions-button uagb-faq-questions\">\t\t\t<span class=\"uagb-icon uagb-faq-icon-wrap\">\n\t\t\t\t\t\t\t\t<svg xmlns=\"https:\/\/www.w3.org\/2000\/svg\" viewBox= \"0 0 384 512\"><path d=\"M374.6 310.6l-160 160C208.4 476.9 200.2 480 192 480s-16.38-3.125-22.62-9.375l-160-160c-12.5-12.5-12.5-32.75 0-45.25s32.75-12.5 45.25 0L160 370.8V64c0-17.69 14.33-31.1 31.1-31.1S224 46.31 224 64v306.8l105.4-105.4c12.5-12.5 32.75-12.5 45.25 0S387.1 298.1 374.6 310.6z\"><\/path><\/svg>\n\t\t\t\t\t\t\t<\/span>\n\t\t\t\t\t\t<span class=\"uagb-icon-active uagb-faq-icon-wrap\">\n\t\t\t\t\t\t\t\t<svg xmlns=\"https:\/\/www.w3.org\/2000\/svg\" viewBox= \"0 0 384 512\"><path d=\"M374.6 246.6C368.4 252.9 360.2 256 352 256s-16.38-3.125-22.62-9.375L224 141.3V448c0 17.69-14.33 31.1-31.1 31.1S160 465.7 160 448V141.3L54.63 246.6c-12.5 12.5-32.75 12.5-45.25 0s-12.5-32.75 0-45.25l160-160c12.5-12.5 32.75-12.5 45.25 0l160 160C387.1 213.9 387.1 234.1 374.6 246.6z\"><\/path><\/svg>\n\t\t\t\t\t\t\t<\/span>\n\t\t\t<h4 class=\"uagb-question\">Relations \/ Communication<\/h4><\/div><div class=\"uagb-faq-content\"><p>D\u00e9tails \u00e0 venir.<\/p><\/div><\/div><div class=\"wp-block-uagb-faq-child uagb-faq-child__outer-wrap uagb-faq-item uagb-block-5d967080 \" role=\"tab\" tabindex=\"0\"><div class=\"uagb-faq-questions-button uagb-faq-questions\">\t\t\t<span class=\"uagb-icon uagb-faq-icon-wrap\">\n\t\t\t\t\t\t\t\t<svg xmlns=\"https:\/\/www.w3.org\/2000\/svg\" viewBox= \"0 0 384 512\"><path d=\"M374.6 310.6l-160 160C208.4 476.9 200.2 480 192 480s-16.38-3.125-22.62-9.375l-160-160c-12.5-12.5-12.5-32.75 0-45.25s32.75-12.5 45.25 0L160 370.8V64c0-17.69 14.33-31.1 31.1-31.1S224 46.31 224 64v306.8l105.4-105.4c12.5-12.5 32.75-12.5 45.25 0S387.1 298.1 374.6 310.6z\"><\/path><\/svg>\n\t\t\t\t\t\t\t<\/span>\n\t\t\t\t\t\t<span class=\"uagb-icon-active uagb-faq-icon-wrap\">\n\t\t\t\t\t\t\t\t<svg xmlns=\"https:\/\/www.w3.org\/2000\/svg\" viewBox= \"0 0 384 512\"><path d=\"M374.6 246.6C368.4 252.9 360.2 256 352 256s-16.38-3.125-22.62-9.375L224 141.3V448c0 17.69-14.33 31.1-31.1 31.1S160 465.7 160 448V141.3L54.63 246.6c-12.5 12.5-32.75 12.5-45.25 0s-12.5-32.75 0-45.25l160-160c12.5-12.5 32.75-12.5 45.25 0l160 160C387.1 213.9 387.1 234.1 374.6 246.6z\"><\/path><\/svg>\n\t\t\t\t\t\t\t<\/span>\n\t\t\t<h4 class=\"uagb-question\">Estime de soi et confiance en soi<\/h4><\/div><div class=\"uagb-faq-content\"><p>D\u00e9tails \u00e0 venir.<\/p><\/div><\/div><\/div>\n\n\n<p>Chacun des modules ci-dessus comprend six consultations, sp\u00e9cifiquement con\u00e7ues pour traiter un sujet. Des programmes personnalis\u00e9s sont \u00e9galement disponibles pour d&#8217;autres sujets. Veuillez contacter Karine pour en savoir plus.<\/p>\n\n\n\n<div class=\"wp-block-buttons is-layout-flex wp-block-buttons-is-layout-flex\">\n<div class=\"wp-block-button aligncenter is-style-outline is-style-outline--2\"><a class=\"wp-block-button__link has-black-color has-text-color has-background\" href=\"https:\/\/karinepeel.com\/fr\/contactez\/\" style=\"background-color:#d4b280\">ContactER karine<\/a><\/div>\n<\/div>\n\n\n\n<p><\/p>\n","protected":false},"excerpt":{"rendered":"<p>Qu&#8217;est-ce qu&#8217;un Coach de Vie? Un coach de vie est une personne professionnellement form\u00e9e pour vous aider \u00e0 atteindre votre plein potentiel et vos objectifs. Le coaching de vie vous aide \u00e0 identifier votre situation actuelle et ce que vous voulez dans votre vie.&nbsp; En vous guidant et en vous encourageant, le coach de vie [&hellip;]<\/p>\n","protected":false},"author":2,"featured_media":257,"parent":0,"menu_order":0,"comment_status":"closed","ping_status":"closed","template":"","meta":{"_uag_custom_page_level_css":"","_genesis_hide_title":false,"_genesis_hide_breadcrumbs":false,"_genesis_hide_singular_image":false,"_genesis_hide_footer_widgets":false,"_genesis_custom_body_class":"","_genesis_custom_post_class":"","_genesis_layout":"","footnotes":""},"class_list":{"0":"post-453","1":"page","2":"type-page","3":"status-publish","4":"has-post-thumbnail","6":"entry"},"featured_image_src":"https:\/\/karinepeel.com\/fr\/wp-content\/uploads\/2021\/08\/Untitled-8-600x400.jpg","featured_image_src_square":"https:\/\/karinepeel.com\/fr\/wp-content\/uploads\/2021\/08\/Untitled-8-600x600.jpg","uagb_featured_image_src":{"full":["https:\/\/karinepeel.com\/fr\/wp-content\/uploads\/2021\/08\/Untitled-8.jpg",1600,800,false],"thumbnail":["https:\/\/karinepeel.com\/fr\/wp-content\/uploads\/2021\/08\/Untitled-8-150x150.jpg",150,150,true],"medium":["https:\/\/karinepeel.com\/fr\/wp-content\/uploads\/2021\/08\/Untitled-8-300x150.jpg",300,150,true],"medium_large":["https:\/\/karinepeel.com\/fr\/wp-content\/uploads\/2021\/08\/Untitled-8-768x384.jpg",768,384,true],"large":["https:\/\/karinepeel.com\/fr\/wp-content\/uploads\/2021\/08\/Untitled-8-1024x512.jpg",1024,512,true],"1536x1536":["https:\/\/karinepeel.com\/fr\/wp-content\/uploads\/2021\/08\/Untitled-8-1536x768.jpg",1536,768,true],"2048x2048":["https:\/\/karinepeel.com\/fr\/wp-content\/uploads\/2021\/08\/Untitled-8.jpg",1600,800,false],"sidebar-featured-thumb":["https:\/\/karinepeel.com\/fr\/wp-content\/uploads\/2021\/08\/Untitled-8-70x60.jpg",70,60,true],"featured-image":["https:\/\/karinepeel.com\/fr\/wp-content\/uploads\/2021\/08\/Untitled-8-800x400.jpg",800,400,true],"header-hero":["https:\/\/karinepeel.com\/fr\/wp-content\/uploads\/2021\/08\/Untitled-8.jpg",1600,800,false],"gb-block-post-grid-landscape":["https:\/\/karinepeel.com\/fr\/wp-content\/uploads\/2021\/08\/Untitled-8-600x400.jpg",600,400,true],"gb-block-post-grid-square":["https:\/\/karinepeel.com\/fr\/wp-content\/uploads\/2021\/08\/Untitled-8-600x600.jpg",600,600,true]},"uagb_author_info":{"display_name":"Carolyne","author_link":"https:\/\/karinepeel.com\/fr\/author\/carolyne\/"},"uagb_comment_info":0,"uagb_excerpt":"Qu&#8217;est-ce qu&#8217;un Coach de Vie? Un coach de vie est une personne professionnellement form\u00e9e pour vous aider \u00e0 atteindre votre plein potentiel et vos objectifs. Le coaching de vie vous aide \u00e0 identifier votre situation actuelle et ce que vous voulez dans votre vie.&nbsp; En vous guidant et en vous encourageant, le coach de vie&hellip;","_links":{"self":[{"href":"https:\/\/karinepeel.com\/fr\/wp-json\/wp\/v2\/pages\/453","targetHints":{"allow":["GET"]}}],"collection":[{"href":"https:\/\/karinepeel.com\/fr\/wp-json\/wp\/v2\/pages"}],"about":[{"href":"https:\/\/karinepeel.com\/fr\/wp-json\/wp\/v2\/types\/page"}],"author":[{"embeddable":true,"href":"https:\/\/karinepeel.com\/fr\/wp-json\/wp\/v2\/users\/2"}],"replies":[{"embeddable":true,"href":"https:\/\/karinepeel.com\/fr\/wp-json\/wp\/v2\/comments?post=453"}],"version-history":[{"count":24,"href":"https:\/\/karinepeel.com\/fr\/wp-json\/wp\/v2\/pages\/453\/revisions"}],"predecessor-version":[{"id":505,"href":"https:\/\/karinepeel.com\/fr\/wp-json\/wp\/v2\/pages\/453\/revisions\/505"}],"wp:featuredmedia":[{"embeddable":true,"href":"https:\/\/karinepeel.com\/fr\/wp-json\/wp\/v2\/media\/257"}],"wp:attachment":[{"href":"https:\/\/karinepeel.com\/fr\/wp-json\/wp\/v2\/media?parent=453"}],"curies":[{"name":"wp","href":"https:\/\/api.w.org\/{rel}","templated":true}]}}