{"id":522,"date":"2023-01-04T12:00:03","date_gmt":"2023-01-04T17:00:03","guid":{"rendered":"https:\/\/karinepeel.com\/fr\/?page_id=522"},"modified":"2023-01-04T13:58:40","modified_gmt":"2023-01-04T18:58:40","slug":"psychotherapie-montreal-quebec","status":"publish","type":"page","link":"https:\/\/karinepeel.com\/fr\/psychotherapie-montreal-quebec\/","title":{"rendered":"Psychoth\u00e9rapie, Montr\u00e9al Qu\u00e9bec"},"content":{"rendered":"\n<h2 class=\"has-text-align-center wp-block-heading\">Psychoth\u00e9rapie en ligne avec Karine Peel<br>de Westmount, Montr\u00e9al<\/h2>\n\n\n\n<div style=\"height:50px\" aria-hidden=\"true\" class=\"wp-block-spacer\"><\/div>\n\n\n\n<div class=\"wp-block-columns is-layout-flex wp-container-core-columns-is-layout-9d6595d7 wp-block-columns-is-layout-flex\">\n<div class=\"wp-block-column is-layout-flow wp-block-column-is-layout-flow\">\n<p>Karine Peel est une psychoth\u00e9rapeute \u00e0 Montr\u00e9al Qu\u00e9bec qui offre des services de psychoth\u00e9rapie pour les adultes de 18 ans et plus. &nbsp;Depuis plus de 25 ans, Karine aide ses clients francophones, anglophones et russophones \u00e0 retrouver un sentiment de confiance et de plaisir dans leur vie, et \u00e0 vivre \u00e0 la hauteur de leur plein potentiel. <a href=\"https:\/\/karinepeel.com\/fr\/approche-moi\/\">L&#8217;approche de Karine<\/a>.<\/p>\n\n\n\n<p>En tant que psychoth\u00e9rapeute comp\u00e9tente, Karine utilise une vari\u00e9t\u00e9 de techniques, dont l&#8217;analyse psycho-organique, la psychoth\u00e9rapie humaniste et existentielle, pour aider les individus \u00e0 changer leurs habitudes destructives et \u00e0 apporter de la joie dans leur vie. &nbsp;Son travail de psychoth\u00e9rapie inclut l&#8217;aide aux personnes souffrant de d\u00e9pression, d&#8217;anxi\u00e9t\u00e9, de difficult\u00e9s relationnelles, de chagrin ou de deuil, de manque de confiance en soi, de probl\u00e8mes li\u00e9s au stress, ou de transitions de vie majeures (divorce, changement de carri\u00e8re, etc.) ainsi que le travail de d\u00e9veloppement personnel. <a href=\"https:\/\/karinepeel.com\/fr\/karine-peel\/\">En savoir plus sur Karine<\/a><\/p>\n<\/div>\n\n\n\n<div class=\"wp-block-column is-layout-flow wp-block-column-is-layout-flow\"><div class=\"wp-block-image is-style-rounded\">\n<figure class=\"aligncenter size-full\"><img loading=\"lazy\" decoding=\"async\" width=\"500\" height=\"662\" src=\"https:\/\/karinepeel.com\/fr\/wp-content\/uploads\/2023\/01\/French-Psychotherapist-Karine-Peel.jpg\" alt=\"Westmount Montr\u00e9al Qu\u00e9bec psychoth\u00e9rapeute Karine Peel\" class=\"wp-image-553\" title=\"\" srcset=\"https:\/\/karinepeel.com\/fr\/wp-content\/uploads\/2023\/01\/French-Psychotherapist-Karine-Peel.jpg 500w, https:\/\/karinepeel.com\/fr\/wp-content\/uploads\/2023\/01\/French-Psychotherapist-Karine-Peel-227x300.jpg 227w\" sizes=\"auto, (max-width: 500px) 100vw, 500px\" \/><figcaption class=\"wp-element-caption\">Karine Peel, psychoth\u00e9rapeute \u00e0 Montr\u00e9al. <br>Plus de 25 ans d&#8217;exp\u00e9rience en psychoth\u00e9rapie.<\/figcaption><\/figure>\n<\/div><\/div>\n<\/div>\n\n\n\n<div style=\"height:50px\" aria-hidden=\"true\" class=\"wp-block-spacer\"><\/div>\n\n\n\n<div class=\"wp-block-buttons is-layout-flex wp-block-buttons-is-layout-flex\">\n<div class=\"wp-block-button aligncenter is-style-outline is-style-outline--1\"><a class=\"wp-block-button__link has-black-color has-text-color has-background wp-element-button\" style=\"background-color:#d4b280\">PLANIFIER UN APPEL AVEC KARINE<\/a><\/div>\n<\/div>\n\n\n\n<div style=\"height:40px\" aria-hidden=\"true\" class=\"wp-block-spacer\"><\/div>\n\n\n\n<h2 class=\"has-text-align-center wp-block-heading\">Comment la psychoth\u00e9rapie peut aider<\/h2>\n\n\n\n<p>La psychoth\u00e9rapie fait appel \u00e0 un \u00e9ventail de techniques con\u00e7ues pour am\u00e9liorer le bien-\u00eatre g\u00e9n\u00e9ral d&#8217;un client, en r\u00e9duisant ou en \u00e9liminant les sentiments ou les comportements g\u00eanants, et en am\u00e9liorant les relations. Un professionnel qualifi\u00e9 interagit avec son client, l&#8217;aidant \u00e0 mieux se comprendre et \u00e0 mieux comprendre l&#8217;histoire de sa vie. La nouvelle vision que le client per\u00e7oit va initier un changement dans ses pens\u00e9es, ses sentiments et son comportement, lui permettant de surmonter le stress, les probl\u00e8mes \u00e9motionnels, les difficult\u00e9s relationnelles ou les habitudes g\u00eanantes.<\/p>\n\n\n\n<p>La plupart des formes de psychoth\u00e9rapie n&#8217;utilisent que la conversation orale, bien que certaines utilisent d&#8217;autres formes de communication comme l&#8217;\u00e9criture ou l&#8217;art. Toutes sont utilis\u00e9es pour d\u00e9couvrir les probl\u00e8mes sous-jacents, \u00e9laborer des solutions constructives et trouver la force int\u00e9rieure du client pour atteindre son objectif. Les clients sont encourag\u00e9s \u00e0 vivre au maximum de leur potentiel.<\/p>\n\n\n\n<h2 class=\"wp-block-heading\">Analyse Psycho-Organique (POA)<\/h2>\n\n\n\n<blockquote class=\"wp-block-quote has-text-align-center is-style-default is-layout-flow wp-block-quote-is-layout-flow\">\n<p>&#8220;Le curieux paradoxe est que lorsque je m&#8217;accepte tel que je suis, alors je peux changer.&#8221;<\/p>\n<cite>~ Karl Rogers<\/cite><\/blockquote>\n\n\n\n<p>L&#8217;analyse psycho-organique est une branche de la psychoth\u00e9rapie d\u00e9velopp\u00e9e au d\u00e9but des ann\u00e9es 1970. Son initiateur, Paul C. Boyesen, a fond\u00e9 cette approche sur les travaux de Sigmund Freud, Carl Jung et Wilhelm Reich. L&#8217;analyse psycho-organique se concentre sur le corps, l&#8217;esprit et les \u00e9motions, ainsi que sur les relations entre eux.<\/p>\n\n\n\n<div class=\"wp-block-genesis-blocks-gb-accordion gb-block-accordion\"><details><summary class=\"gb-accordion-title\">Plus d&#8217;informations<\/summary><div class=\"gb-accordion-text\">\n<p>Les Analystes Psycho-Organiques sont attentifs \u00e0 l&#8217;expression de la conscience, au sens que vous voulez donner \u00e0 votre vie, aux int\u00e9grations que vous cherchez \u00e0 r\u00e9aliser et que vous voulez r\u00e9aliser dans votre r\u00e9alit\u00e9 personnelle et sociale. Il est fondamental d&#8217;accueillir ces choix avec un respect absolu.<\/p>\n\n\n\n<p>Cette m\u00e9thode de traitement relie le corps, l&#8217;esprit et les \u00e9motions. Le corps refl\u00e8te l&#8217;\u00e9tat actuel de la personne et son histoire de vie ant\u00e9rieure. En bonne sant\u00e9, l&#8217;esprit et le corps fonctionnent de mani\u00e8re relativement int\u00e9gr\u00e9e. Lorsque c&#8217;est le cas, la respiration, les mouvements, l&#8217;humeur, la parole et le sentiment de bien-\u00eatre sont harmonieux. Lorsque nous nous sentons mal \u00e0 l&#8217;aise avec l&#8217;un de ces aspects, cela affecte l&#8217;ensemble de notre personne.<\/p>\n\n\n\n<p>\u00c0 l&#8217;ext\u00e9rieur, il peut y avoir du succ\u00e8s &#8211; peut-\u00eatre y a-t-il un emploi s\u00fbr et bien r\u00e9mun\u00e9r\u00e9, une famille et une maison agr\u00e9able, mais l&#8217;individu a des maux de t\u00eate persistants, ou se sent constamment fatigu\u00e9 en l&#8217;absence de maladie, s&#8217;ennuie, ou sent que quelque chose d&#8217;ind\u00e9finissable lui manque. Ces exp\u00e9riences se manifestent par des courbatures, des muscles tendus ou rel\u00e2ch\u00e9s, une respiration superficielle, une incapacit\u00e9 \u00e0 se d\u00e9tendre et \u00e0 dormir, une sensation de chaleur ou de froid, des pens\u00e9es perturb\u00e9es, une incapacit\u00e9 \u00e0 se concentrer ou \u00e0 prendre des d\u00e9cisions, et un manque de vitalit\u00e9.<\/p>\n\n\n\n<p>Lorsque ces sympt\u00f4mes se poursuivent pendant une longue p\u00e9riode, ils se transforment en \u00e9tats fixes, la maladie et le malaise g\u00e9n\u00e9ral deviennent normaux. La plupart d&#8217;entre nous savent \u00e0 peine ce que c&#8217;est que d&#8217;\u00eatre vraiment bien et ont certainement peu d&#8217;id\u00e9es sur la fa\u00e7on de se sentir plus vivants. Chaque traumatisme, choc, difficult\u00e9 de la vie, chaque joie inexprim\u00e9e est incarn\u00e9e. Les bonnes r\u00e9solutions et la volont\u00e9 n&#8217;ont qu&#8217;un impact minime sur le corps. L&#8217;intuition mentale ne suffit souvent pas. Tout votre corps et votre esprit doivent \u00eatre impliqu\u00e9s pour reconnecter votre pens\u00e9e et vos sentiments.<\/p>\n\n\n\n<p>L&#8217;analyse psycho-organique est une forme de psychoth\u00e9rapie empathique dans laquelle vous serez encourag\u00e9 \u00e0 apprendre \u00e0 vous conna\u00eetre \u00e0 votre propre rythme et \u00e0 votre mani\u00e8re. Quels que soient vos questions, probl\u00e8mes ou pr\u00e9occupations, le th\u00e9rapeute s&#8217;efforcera de les aborder \u00e0 tous les niveaux de votre \u00eatre, corps, \u00e9motion et esprit, en reconnaissant que de nombreux probl\u00e8mes psychologiques ont des liens avec le corps.<\/p>\n\n\n\n<blockquote class=\"wp-block-quote has-text-align-center is-style-default is-layout-flow wp-block-quote-is-layout-flow\">\n<p>&#8220;Chaque fois que vous \u00eates plong\u00e9 dans une pens\u00e9e compulsive, vous \u00e9vitez ce qui est.&nbsp; Vous ne voulez pas \u00eatre l\u00e0 o\u00f9 vous \u00eates.&#8221;<\/p>\n<cite>~ Eckhart Tolle<\/cite><\/blockquote>\n<\/div><\/details><\/div>\n\n\n\n<h3 class=\"has-text-align-center wp-block-heading\">Quels sont les avantages de la psychoth\u00e9rapie ?<\/h3>\n\n\n\n<div class=\"wp-block-columns is-layout-flex wp-container-core-columns-is-layout-9d6595d7 wp-block-columns-is-layout-flex\">\n<div class=\"wp-block-column is-layout-flow wp-block-column-is-layout-flow\">\n<ul class=\"wp-block-list\">\n<li>Elle nous aide \u00e0 devenir plus confiants et plus \u00e0 l&#8217;aise dans les situations sociales.<\/li>\n\n\n\n<li>Am\u00e9liore les sympt\u00f4mes de la d\u00e9pression, des troubles anxieux, des troubles bipolaires, des TOC, des phobies et des troubles paniques.<\/li>\n\n\n\n<li>Soulage le stress d\u00fb au travail, aux finances et \u00e0 diverses autres situations.<\/li>\n\n\n\n<li>Am\u00e9liore la sant\u00e9 physique, mentale et le bien-\u00eatre en g\u00e9n\u00e9ral.<\/li>\n\n\n\n<li>Soulage le stress d\u00fb au travail, aux finances et \u00e0 diverses autres situations.<\/li>\n\n\n\n<li>Am\u00e9liore la sant\u00e9 physique, mentale et le bien-\u00eatre en g\u00e9n\u00e9ral.<\/li>\n\n\n\n<li>Am\u00e9liorer les habitudes de sommeil, de nutrition et d&#8217;activit\u00e9 physique.<\/li>\n\n\n\n<li>D\u00e9velopper des relations plus satisfaisantes au travail, \u00e0 la maison, \u00e0 l&#8217;\u00e9cole.<\/li>\n\n\n\n<li>Comprendre et copier les probl\u00e8mes sexuels, tant physiques que psychologiques.<\/li>\n<\/ul>\n<\/div>\n\n\n\n<div class=\"wp-block-column is-layout-flow wp-block-column-is-layout-flow\">\n<ul class=\"wp-block-list\">\n<li>R\u00e9duire et g\u00e9rer les pens\u00e9es, sentiments et comportements n\u00e9gatifs ou destructeurs.<\/li>\n\n\n\n<li>Fournir des comp\u00e9tences d&#8217;adaptation efficaces pour g\u00e9rer les situations difficiles ou les changements de vie majeurs tels que le divorce, le d\u00e9c\u00e8s, la perte d&#8217;emploi.<\/li>\n\n\n\n<li>Reconna\u00eetre et \u00e9viter les d\u00e9clencheurs qui nous mettent en col\u00e8re ou provoquent des r\u00e9actions malsaines.<\/li>\n\n\n\n<li>\u00c9tablir de nouveaux comportements et habitudes sains.<\/li>\n\n\n\n<li>D\u00e9pendances, telles que l&#8217;alcoolisme, la toxicomanie et le jeu.<\/li>\n\n\n\n<li>Troubles de l&#8217;alimentation tels que l&#8217;anorexie ou la boulimie.<\/li>\n\n\n\n<li>Am\u00e9liorer la concentration, l&#8217;organisation et la gestion du temps.<\/li>\n\n\n\n<li>La psychoth\u00e9rapie offre un soutien pour toute situation ou d\u00e9fi.<\/li>\n<\/ul>\n<\/div>\n<\/div>\n\n\n\n<blockquote class=\"wp-block-quote has-text-align-center is-layout-flow wp-block-quote-is-layout-flow\">\n<p>&#8220;Vivre des conflits en connaissance de cause, m\u00eame si cela peut \u00eatre p\u00e9nible, peut \u00eatre un atout inestimable. &nbsp;Plus nous faisons face \u00e0 nos propres conflits et cherchons nos propres solutions, plus nous gagnerons en libert\u00e9 et en force int\u00e9rieures.&#8221;<\/p>\n<cite>~ Karen Horney<\/cite><\/blockquote>\n\n\n\n<div style=\"height:5px\" aria-hidden=\"true\" class=\"wp-block-spacer\"><\/div>\n\n\n\n<h3 class=\"has-text-align-center wp-block-heading\">R\u00e9servez votre consultation en psychoth\u00e9rapie<\/h3>\n\n\n\n<p>En tant que psychoth\u00e9rapeute \u00e0 Montr\u00e9al (Qu\u00e9bec), Karine Peel a pour objectif de vous aider \u00e0 mieux comprendre votre vie et \u00e0 r\u00e9soudre les probl\u00e8mes ou les situations qui vous d\u00e9rangent. Que vous soyez aux prises avec des ann\u00e9es d&#8217;abus et de traumatismes ou que vous ayez simplement besoin de soutien et de techniques de gestion du stress, Karine peut vous aider \u00e0 gu\u00e9rir et \u00e0 vous \u00e9panouir.&nbsp;<\/p>\n","protected":false},"excerpt":{"rendered":"<p>En tant que psychoth\u00e9rapeute, Karine vous aidera \u00e0 ramener la joie dans votre vie. Trop souvent, nous passons par les gestes de la vie, mais nous ne nous sentons pas vraiment vivants. La culpabilit\u00e9 du pass\u00e9, l&#8217;anxi\u00e9t\u00e9 du pr\u00e9sent et le d\u00e9sespoir de l&#8217;avenir nous submergent. Nous perdons le sens de qui nous sommes et de ce qu&#8217;est vraiment notre but dans la vie. Travailler avec un psychoth\u00e9rapeute qualifi\u00e9 vous aidera \u00e0 mieux comprendre votre vie et \u00e0 r\u00e9soudre les probl\u00e8mes ou les situations qui vous g\u00eanent.<\/p>\n<p><i>&#8220;L&#8217;important n&#8217;est pas ce qu&#8217;on a fait de nous, mais ce<br \/>que nous faisons nous-m\u00eame de ce qu&#8217;on a fait de nous&#8221; <\/i><br \/>\n~ Jean-Paul Sartre<\/p>\n","protected":false},"author":2,"featured_media":255,"parent":0,"menu_order":0,"comment_status":"closed","ping_status":"closed","template":"","meta":{"_uag_custom_page_level_css":"","_genesis_hide_title":false,"_genesis_hide_breadcrumbs":false,"_genesis_hide_singular_image":false,"_genesis_hide_footer_widgets":false,"_genesis_custom_body_class":"","_genesis_custom_post_class":"","_genesis_layout":"","footnotes":""},"class_list":{"0":"post-522","1":"page","2":"type-page","3":"status-publish","4":"has-post-thumbnail","6":"entry"},"featured_image_src":"https:\/\/karinepeel.com\/fr\/wp-content\/uploads\/2021\/08\/Untitled-7-600x400.jpg","featured_image_src_square":"https:\/\/karinepeel.com\/fr\/wp-content\/uploads\/2021\/08\/Untitled-7-600x600.jpg","uagb_featured_image_src":{"full":["https:\/\/karinepeel.com\/fr\/wp-content\/uploads\/2021\/08\/Untitled-7.jpg",1600,800,false],"thumbnail":["https:\/\/karinepeel.com\/fr\/wp-content\/uploads\/2021\/08\/Untitled-7-150x150.jpg",150,150,true],"medium":["https:\/\/karinepeel.com\/fr\/wp-content\/uploads\/2021\/08\/Untitled-7-300x150.jpg",300,150,true],"medium_large":["https:\/\/karinepeel.com\/fr\/wp-content\/uploads\/2021\/08\/Untitled-7-768x384.jpg",768,384,true],"large":["https:\/\/karinepeel.com\/fr\/wp-content\/uploads\/2021\/08\/Untitled-7-1024x512.jpg",1024,512,true],"1536x1536":["https:\/\/karinepeel.com\/fr\/wp-content\/uploads\/2021\/08\/Untitled-7-1536x768.jpg",1536,768,true],"2048x2048":["https:\/\/karinepeel.com\/fr\/wp-content\/uploads\/2021\/08\/Untitled-7.jpg",1600,800,false],"sidebar-featured-thumb":["https:\/\/karinepeel.com\/fr\/wp-content\/uploads\/2021\/08\/Untitled-7-70x60.jpg",70,60,true],"featured-image":["https:\/\/karinepeel.com\/fr\/wp-content\/uploads\/2021\/08\/Untitled-7-800x400.jpg",800,400,true],"header-hero":["https:\/\/karinepeel.com\/fr\/wp-content\/uploads\/2021\/08\/Untitled-7.jpg",1600,800,false],"gb-block-post-grid-landscape":["https:\/\/karinepeel.com\/fr\/wp-content\/uploads\/2021\/08\/Untitled-7-600x400.jpg",600,400,true],"gb-block-post-grid-square":["https:\/\/karinepeel.com\/fr\/wp-content\/uploads\/2021\/08\/Untitled-7-600x600.jpg",600,600,true]},"uagb_author_info":{"display_name":"Carolyne","author_link":"https:\/\/karinepeel.com\/fr\/author\/carolyne\/"},"uagb_comment_info":0,"uagb_excerpt":"En tant que psychoth\u00e9rapeute, Karine vous aidera \u00e0 ramener la joie dans votre vie. Trop souvent, nous passons par les gestes de la vie, mais nous ne nous sentons pas vraiment vivants. La culpabilit\u00e9 du pass\u00e9, l'anxi\u00e9t\u00e9 du pr\u00e9sent et le d\u00e9sespoir de l'avenir nous submergent. Nous perdons le sens de qui nous sommes et&hellip;","_links":{"self":[{"href":"https:\/\/karinepeel.com\/fr\/wp-json\/wp\/v2\/pages\/522","targetHints":{"allow":["GET"]}}],"collection":[{"href":"https:\/\/karinepeel.com\/fr\/wp-json\/wp\/v2\/pages"}],"about":[{"href":"https:\/\/karinepeel.com\/fr\/wp-json\/wp\/v2\/types\/page"}],"author":[{"embeddable":true,"href":"https:\/\/karinepeel.com\/fr\/wp-json\/wp\/v2\/users\/2"}],"replies":[{"embeddable":true,"href":"https:\/\/karinepeel.com\/fr\/wp-json\/wp\/v2\/comments?post=522"}],"version-history":[{"count":22,"href":"https:\/\/karinepeel.com\/fr\/wp-json\/wp\/v2\/pages\/522\/revisions"}],"predecessor-version":[{"id":559,"href":"https:\/\/karinepeel.com\/fr\/wp-json\/wp\/v2\/pages\/522\/revisions\/559"}],"wp:featuredmedia":[{"embeddable":true,"href":"https:\/\/karinepeel.com\/fr\/wp-json\/wp\/v2\/media\/255"}],"wp:attachment":[{"href":"https:\/\/karinepeel.com\/fr\/wp-json\/wp\/v2\/media?parent=522"}],"curies":[{"name":"wp","href":"https:\/\/api.w.org\/{rel}","templated":true}]}}